{"id":140,"date":"2024-06-13T12:21:33","date_gmt":"2024-06-13T10:21:33","guid":{"rendered":"https:\/\/www.lab-biotech.de\/__wptest\/?page_id=140"},"modified":"2026-02-12T12:36:40","modified_gmt":"2026-02-12T11:36:40","slug":"140-2","status":"publish","type":"page","link":"https:\/\/www.lab-biotech.de\/en\/","title":{"rendered":"LAB-Biotech GmbH &#8211; Barcode Scanners"},"content":{"rendered":"<div class=\"wp-block-cover alignfull wp-duotone-unset-2\" style=\"margin-top:0;padding-top:48px;padding-right:48px;padding-bottom:48px;padding-left:48px;min-height:66px;aspect-ratio:unset;\"><img loading=\"lazy\" decoding=\"async\" width=\"1920\" height=\"960\" class=\"wp-block-cover__image-background wp-image-19\" alt=\"\" src=\"https:\/\/www.lab-biotech.de\/wp-content\/uploads\/2024\/05\/dna-1920x960-1.jpg\" data-object-fit=\"cover\" srcset=\"https:\/\/www.lab-biotech.de\/wp-content\/uploads\/2024\/05\/dna-1920x960-1.jpg 1920w, https:\/\/www.lab-biotech.de\/wp-content\/uploads\/2024\/05\/dna-1920x960-1-300x150.jpg 300w, https:\/\/www.lab-biotech.de\/wp-content\/uploads\/2024\/05\/dna-1920x960-1-1024x512.jpg 1024w, https:\/\/www.lab-biotech.de\/wp-content\/uploads\/2024\/05\/dna-1920x960-1-768x384.jpg 768w, https:\/\/www.lab-biotech.de\/wp-content\/uploads\/2024\/05\/dna-1920x960-1-1536x768.jpg 1536w\" sizes=\"auto, (max-width: 1920px) 100vw, 1920px\" \/><span aria-hidden=\"true\" class=\"wp-block-cover__background has-background-dim-30 has-background-dim\" style=\"background-color:#1c5876\"><\/span><div class=\"wp-block-cover__inner-container is-layout-flow wp-block-cover-is-layout-flow\">\n<div class=\"wp-block-group has-global-padding is-content-justification-left is-layout-constrained wp-container-core-group-is-layout-e9bc760e wp-block-group-is-layout-constrained\" style=\"padding-top:0;padding-bottom:0\">\n<h2 class=\"wp-block-heading has-text-align-left has-white-color has-text-color\" style=\"font-size:clamp(50.171px, 3.136rem + ((1vw - 3.2px) * 5.191), 100px);font-style:normal;font-weight:700;letter-spacing:0px;line-height:1;text-transform:lowercase\">rack reader<\/h2>\n\n\n\n<p class=\"has-large-font-size\">only B2B<\/p>\n<\/div>\n\n\n\n<div class=\"wp-block-columns is-layout-flex wp-container-core-columns-is-layout-28f84493 wp-block-columns-is-layout-flex\">\n<div class=\"wp-block-column is-layout-flow wp-block-column-is-layout-flow\">\n<figure class=\"wp-block-image aligncenter size-full is-resized\"><img loading=\"lazy\" decoding=\"async\" width=\"400\" height=\"345\" src=\"https:\/\/www.lab-biotech.de\/wp-content\/uploads\/2025\/04\/Productoverview_en-400x345-1.png\" alt=\"\" class=\"wp-image-298\" style=\"width:400px\" srcset=\"https:\/\/www.lab-biotech.de\/wp-content\/uploads\/2025\/04\/Productoverview_en-400x345-1.png 400w, https:\/\/www.lab-biotech.de\/wp-content\/uploads\/2025\/04\/Productoverview_en-400x345-1-300x259.png 300w, https:\/\/www.lab-biotech.de\/wp-content\/uploads\/2025\/04\/Productoverview_en-400x345-1-14x12.png 14w\" sizes=\"auto, (max-width: 400px) 100vw, 400px\" \/><\/figure>\n<\/div>\n\n\n\n<div class=\"wp-block-column is-layout-flow wp-block-column-is-layout-flow\">\n<h1 class=\"wp-block-heading has-base-2-color has-text-color has-link-color wp-elements-fb11639b5538068ff022864f17368b2e\">start now for\u00a0<strong>399<\/strong>\u00a0<strong>\u20ac<\/strong><\/h1>\n\n\n\n<div class=\"wp-block-buttons is-layout-flex wp-block-buttons-is-layout-flex\">\n<div class=\"wp-block-button is-style-outline is-style-outline--1\"><a class=\"wp-block-button__link wp-element-button\" href=\"https:\/\/www.lab-biotech.de\/en\/request-offer\/\" style=\"border-radius:5px\"><strong>request offer<\/strong><\/a><\/div>\n<\/div>\n<\/div>\n<\/div>\n<\/div><\/div>\n\n\n\n<div class=\"wp-block-group alignfull has-global-padding is-layout-constrained wp-container-core-group-is-layout-82abba0f wp-block-group-is-layout-constrained\" style=\"margin-top:0;margin-bottom:0;padding-top:var(--wp--preset--spacing--40);padding-right:var(--wp--preset--spacing--50);padding-bottom:var(--wp--preset--spacing--40);padding-left:var(--wp--preset--spacing--50)\">\n<div class=\"wp-block-columns alignwide is-layout-flex wp-container-core-columns-is-layout-ff4b9c61 wp-block-columns-is-layout-flex\" style=\"margin-top:0;margin-bottom:0\">\n<div class=\"wp-block-column is-layout-flow wp-container-core-column-is-layout-8a368f38 wp-block-column-is-layout-flow\">\n<div class=\"wp-block-group has-accent-5-background-color has-background has-global-padding is-layout-constrained wp-block-group-is-layout-constrained\" style=\"border-radius:15px\">\n<div class=\"wp-block-group has-global-padding is-layout-constrained wp-container-core-group-is-layout-54d2a77c wp-block-group-is-layout-constrained\" style=\"margin-top:0;margin-bottom:0;padding-top:var(--wp--preset--spacing--10);padding-right:var(--wp--preset--spacing--10);padding-bottom:var(--wp--preset--spacing--10);padding-left:var(--wp--preset--spacing--10)\">\n<h3 class=\"wp-block-heading\"><strong>rackreader.de<\/strong><\/h3>\n\n\n\n<p>specializes in laboratory scanning systems for sample tracking and management. Offering mobile, single reader, and rack reader solutions, our systems streamline sample tracking and management processes in laboratories, ensuring efficiency and accuracy.<\/p>\n<\/div>\n<\/div>\n\n\n\n<div style=\"height:var(--wp--preset--spacing--50)\" aria-hidden=\"true\" class=\"wp-block-spacer\"><\/div>\n\n\n\n<div class=\"wp-block-group has-accent-5-background-color has-background has-global-padding is-layout-constrained wp-block-group-is-layout-constrained\" style=\"border-radius:15px\">\n<div class=\"wp-block-group has-global-padding is-layout-constrained wp-container-core-group-is-layout-54d2a77c wp-block-group-is-layout-constrained\" style=\"margin-top:0;margin-bottom:0;padding-top:var(--wp--preset--spacing--10);padding-right:var(--wp--preset--spacing--10);padding-bottom:var(--wp--preset--spacing--10);padding-left:var(--wp--preset--spacing--10)\">\n<figure class=\"wp-block-image alignwide size-full has-custom-border is-style-rounded is-style-rounded--3\"><img loading=\"lazy\" decoding=\"async\" width=\"249\" height=\"166\" src=\"https:\/\/www.lab-biotech.de\/wp-content\/uploads\/2025\/04\/FlashScanNT-249x187-1.jpg\" alt=\"\" class=\"wp-image-303\" style=\"border-radius:15px\" srcset=\"https:\/\/www.lab-biotech.de\/wp-content\/uploads\/2025\/04\/FlashScanNT-249x187-1.jpg 249w, https:\/\/www.lab-biotech.de\/wp-content\/uploads\/2025\/04\/FlashScanNT-249x187-1-18x12.jpg 18w\" sizes=\"auto, (max-width: 249px) 100vw, 249px\" \/><\/figure>\n\n\n\n<h3 class=\"wp-block-heading\"><strong><a href=\"https:\/\/www.lab-biotech.de\/en\/flashscannt\/\" data-type=\"page\" data-id=\"310\">FlashScan NT<\/a><\/strong><\/h3>\n\n\n\n<p class=\"translation-block\">The <strong>FlashScan NT<\/strong> for sample entrance, reads samples in ~1 second, optimizing images with AI for precise analysis and seamless integration.<\/p>\n\n\n\n<h4 class=\"wp-block-heading\"><strong>ab 3.499 \u20ac<\/strong><\/h4>\n\n\n\n<div class=\"wp-block-buttons is-content-justification-center is-layout-flex wp-container-core-buttons-is-layout-a89b3969 wp-block-buttons-is-layout-flex\">\n<div class=\"wp-block-button\"><a class=\"wp-block-button__link wp-element-button\" href=\"https:\/\/www.lab-biotech.de\/en\/flashscannt\/\">read more ...<\/a><\/div>\n<\/div>\n<\/div>\n<\/div>\n\n\n\n<div style=\"height:var(--wp--preset--spacing--50)\" aria-hidden=\"true\" class=\"wp-block-spacer\"><\/div>\n\n\n\n<div class=\"wp-block-group has-accent-5-background-color has-background has-global-padding is-layout-constrained wp-block-group-is-layout-constrained\" style=\"border-radius:15px\">\n<div class=\"wp-block-group has-global-padding is-layout-constrained wp-container-core-group-is-layout-65ea25e0 wp-block-group-is-layout-constrained\" style=\"padding-top:var(--wp--preset--spacing--10);padding-right:var(--wp--preset--spacing--10);padding-bottom:var(--wp--preset--spacing--10);padding-left:var(--wp--preset--spacing--10)\">\n<figure class=\"wp-block-image alignwide size-full is-style-rounded is-style-rounded--4\"><img loading=\"lazy\" decoding=\"async\" width=\"249\" height=\"322\" src=\"https:\/\/www.lab-biotech.de\/wp-content\/uploads\/2025\/04\/MobileONE-249x322-1.png\" alt=\"\" class=\"wp-image-304\" srcset=\"https:\/\/www.lab-biotech.de\/wp-content\/uploads\/2025\/04\/MobileONE-249x322-1.png 249w, https:\/\/www.lab-biotech.de\/wp-content\/uploads\/2025\/04\/MobileONE-249x322-1-232x300.png 232w, https:\/\/www.lab-biotech.de\/wp-content\/uploads\/2025\/04\/MobileONE-249x322-1-9x12.png 9w\" sizes=\"auto, (max-width: 249px) 100vw, 249px\" \/><\/figure>\n\n\n\n<h3 class=\"wp-block-heading\"><strong>MobileONE<\/strong><\/h3>\n\n\n\n<p class=\"translation-block\">The <strong>MobileONE<\/strong> is a portable tube reader with internal storage, capable of wirelessly transferring scanned IDs to a PC via Bluetooth. Ideal for seamless, on-the-go data collection.<\/p>\n\n\n\n<h4 class=\"wp-block-heading\"><strong>from 599 \u20ac<\/strong><\/h4>\n<\/div>\n<\/div>\n\n\n\n<div style=\"height:var(--wp--preset--spacing--50)\" aria-hidden=\"true\" class=\"wp-block-spacer\"><\/div>\n\n\n\n<div class=\"wp-block-group has-accent-5-background-color has-background has-global-padding is-layout-constrained wp-block-group-is-layout-constrained\" style=\"border-radius:15px\">\n<div class=\"wp-block-group has-global-padding is-layout-constrained wp-container-core-group-is-layout-65ea25e0 wp-block-group-is-layout-constrained\" style=\"padding-top:var(--wp--preset--spacing--10);padding-right:var(--wp--preset--spacing--10);padding-bottom:var(--wp--preset--spacing--10);padding-left:var(--wp--preset--spacing--10)\">\n<h3 class=\"wp-block-heading\"><strong>scanner<\/strong><\/h3>\n\n\n\n<p>Scanners provide a fast and precise solution for scanning and decoding 2D tubes in SBS racks. It can handle single or multiple samples, depending on its application, ensuring accurate and efficient data collection.<\/p>\n<\/div>\n<\/div>\n<\/div>\n\n\n\n<div class=\"wp-block-column is-layout-flow wp-container-core-column-is-layout-8a368f38 wp-block-column-is-layout-flow\">\n<div style=\"height:var(--wp--preset--spacing--50)\" aria-hidden=\"true\" class=\"wp-block-spacer\"><\/div>\n\n\n\n<div class=\"wp-block-group has-accent-5-background-color has-background has-global-padding is-layout-constrained wp-block-group-is-layout-constrained\" style=\"border-radius:15px\">\n<div class=\"wp-block-group has-global-padding is-layout-constrained wp-container-core-group-is-layout-65ea25e0 wp-block-group-is-layout-constrained\" style=\"padding-top:var(--wp--preset--spacing--10);padding-right:var(--wp--preset--spacing--10);padding-bottom:var(--wp--preset--spacing--10);padding-left:var(--wp--preset--spacing--10)\">\n<figure class=\"wp-block-image alignwide size-full is-style-rounded is-style-rounded--5\"><img loading=\"lazy\" decoding=\"async\" width=\"352\" height=\"498\" src=\"https:\/\/www.lab-biotech.de\/wp-content\/uploads\/2024\/05\/cryo_labbiotech-720x1018-1-e1743662178768.png\" alt=\"\" class=\"wp-image-27\"\/><\/figure>\n\n\n\n<h3 class=\"wp-block-heading\"><strong><a href=\"https:\/\/www.lab-biotech.de\/en\/flashscanv2\/\" data-type=\"link\" data-id=\"https:\/\/www.lab-biotech.de\/flashscanv2\/\">FlashScan cryo<\/a><\/strong><\/h3>\n\n\n\n<p class=\"translation-block\">The <strong>FlashScan Cryo<\/strong> reads samples from -196\u00b0C to 25\u00b0C without fogging. Ideal for reliable tracking of samples in the lab.<\/p>\n\n\n\n<h4 class=\"wp-block-heading\"><strong>ab 4.999 \u20ac<\/strong><\/h4>\n\n\n\n<div class=\"wp-block-buttons is-content-justification-center is-layout-flex wp-container-core-buttons-is-layout-a89b3969 wp-block-buttons-is-layout-flex\">\n<div class=\"wp-block-button\"><a class=\"wp-block-button__link wp-element-button\" href=\"https:\/\/www.lab-biotech.de\/en\/flashscanv2\/\">read more ...<\/a><\/div>\n<\/div>\n<\/div>\n<\/div>\n\n\n\n<div style=\"height:var(--wp--preset--spacing--50)\" aria-hidden=\"true\" class=\"wp-block-spacer\"><\/div>\n\n\n\n<div class=\"wp-block-group has-accent-5-background-color has-background has-global-padding is-layout-constrained wp-block-group-is-layout-constrained\" style=\"border-radius:15px\">\n<div class=\"wp-block-group has-global-padding is-layout-constrained wp-container-core-group-is-layout-65ea25e0 wp-block-group-is-layout-constrained\" style=\"padding-top:var(--wp--preset--spacing--10);padding-right:var(--wp--preset--spacing--10);padding-bottom:var(--wp--preset--spacing--10);padding-left:var(--wp--preset--spacing--10)\">\n<h3 class=\"wp-block-heading\"><strong>sample tracking<\/strong><\/h3>\n\n\n\n<p>is vital for ensuring the accurate and reliable handling of specimens in laboratories. It allows for real-time monitoring, reduces the risk of sample loss or mix-ups, and ensures data integrity. Effective tracking supports compliance with regulatory standards and enhances overall lab efficiency.<\/p>\n<\/div>\n<\/div>\n\n\n\n<div style=\"height:var(--wp--preset--spacing--50)\" aria-hidden=\"true\" class=\"wp-block-spacer\"><\/div>\n\n\n\n<div class=\"wp-block-group has-accent-5-background-color has-background has-global-padding is-layout-constrained wp-block-group-is-layout-constrained\" style=\"border-radius:15px\">\n<div class=\"wp-block-group has-global-padding is-layout-constrained wp-container-core-group-is-layout-65ea25e0 wp-block-group-is-layout-constrained\" style=\"padding-top:var(--wp--preset--spacing--10);padding-right:var(--wp--preset--spacing--10);padding-bottom:var(--wp--preset--spacing--10);padding-left:var(--wp--preset--spacing--10)\">\n<figure class=\"wp-block-image alignwide size-full is-style-default\"><img loading=\"lazy\" decoding=\"async\" width=\"249\" height=\"262\" src=\"https:\/\/www.lab-biotech.de\/wp-content\/uploads\/2025\/04\/QuickScanSoftware-249x262-1.png\" alt=\"\" class=\"wp-image-306\" srcset=\"https:\/\/www.lab-biotech.de\/wp-content\/uploads\/2025\/04\/QuickScanSoftware-249x262-1.png 249w, https:\/\/www.lab-biotech.de\/wp-content\/uploads\/2025\/04\/QuickScanSoftware-249x262-1-11x12.png 11w\" sizes=\"auto, (max-width: 249px) 100vw, 249px\" \/><\/figure>\n\n\n\n<h3 class=\"wp-block-heading\"><strong>QuickScan Software<\/strong><\/h3>\n\n\n\n<p class=\"translation-block\"><strong>QuickScan software<\/strong> captures rack data and serves as a universal interface for capturing devices, ensuring efficient and user-friendly operation.<\/p>\n<\/div>\n<\/div>\n<\/div>\n\n\n\n<div class=\"wp-block-column is-layout-flow wp-container-core-column-is-layout-8a368f38 wp-block-column-is-layout-flow\">\n<div class=\"wp-block-group has-accent-5-background-color has-background has-global-padding is-layout-constrained wp-container-core-group-is-layout-c06d165c wp-block-group-is-layout-constrained\" style=\"border-radius:15px;padding-top:0;padding-right:0;padding-bottom:0;padding-left:0\">\n<div class=\"wp-block-group has-global-padding is-layout-constrained wp-container-core-group-is-layout-45f0a7f1 wp-block-group-is-layout-constrained\" style=\"margin-top:var(--wp--preset--spacing--10);margin-bottom:var(--wp--preset--spacing--10);padding-top:var(--wp--preset--spacing--10);padding-right:var(--wp--preset--spacing--10);padding-bottom:var(--wp--preset--spacing--10);padding-left:var(--wp--preset--spacing--10)\">\n<figure class=\"wp-block-image alignwide size-full is-style-rounded wp-duotone-unset-7 is-style-rounded--6\"><img loading=\"lazy\" decoding=\"async\" width=\"249\" height=\"204\" src=\"https:\/\/www.lab-biotech.de\/wp-content\/uploads\/2025\/04\/quickone_gen2-249x204-1.png\" alt=\"\" class=\"wp-image-301\" srcset=\"https:\/\/www.lab-biotech.de\/wp-content\/uploads\/2025\/04\/quickone_gen2-249x204-1.png 249w, https:\/\/www.lab-biotech.de\/wp-content\/uploads\/2025\/04\/quickone_gen2-249x204-1-15x12.png 15w\" sizes=\"auto, (max-width: 249px) 100vw, 249px\" \/><\/figure>\n\n\n\n<h3 class=\"wp-block-heading\"><strong><a href=\"https:\/\/www.lab-biotech.de\/en\/quickone-easy-2-use-single-tube-reader\/\" data-type=\"link\" data-id=\"https:\/\/www.lab-biotech.de\/quickone-easy-2-use-single-tube-reader\/\">QuickONE<\/a><\/strong><\/h3>\n\n\n\n<p class=\"translation-block\">The <strong>QuickONE<\/strong> single tube reader is a standalone device that connects via USB. It offers plug-and-play functionality and reads 2D marked tubes effortlessly.<\/p>\n\n\n\n<h4 class=\"wp-block-heading\"><strong>ab 599\u20ac<\/strong><\/h4>\n\n\n\n<div class=\"wp-block-buttons is-content-justification-center is-layout-flex wp-container-core-buttons-is-layout-a89b3969 wp-block-buttons-is-layout-flex\">\n<div class=\"wp-block-button\"><a class=\"wp-block-button__link wp-element-button\" href=\"https:\/\/www.lab-biotech.de\/en\/quickone-easy-2-use-single-tube-reader\/\">read more ...<\/a><\/div>\n<\/div>\n<\/div>\n<\/div>\n\n\n\n<div style=\"height:var(--wp--preset--spacing--50)\" aria-hidden=\"true\" class=\"wp-block-spacer\"><\/div>\n\n\n\n<div class=\"wp-block-group has-accent-5-background-color has-background has-global-padding is-layout-constrained wp-container-core-group-is-layout-c06d165c wp-block-group-is-layout-constrained\" style=\"border-radius:15px;padding-top:0;padding-right:0;padding-bottom:0;padding-left:0\">\n<div class=\"wp-block-group has-global-padding is-layout-constrained wp-container-core-group-is-layout-65ea25e0 wp-block-group-is-layout-constrained\" style=\"padding-top:var(--wp--preset--spacing--10);padding-right:var(--wp--preset--spacing--10);padding-bottom:var(--wp--preset--spacing--10);padding-left:var(--wp--preset--spacing--10)\">\n<h3 class=\"wp-block-heading\"><strong>2D barcode<\/strong><\/h3>\n\n\n\n<p>They are crucial in laboratories for sample traceability because they ensure accurate identification, minimize human errors, and streamline data entry. This enhances efficiency, improves data integrity, and ensures compliance with regulatory standards, leading to reliable and reproducible results.<\/p>\n<\/div>\n<\/div>\n\n\n\n<div style=\"height:var(--wp--preset--spacing--50)\" aria-hidden=\"true\" class=\"wp-block-spacer\"><\/div>\n\n\n\n<div class=\"wp-block-group has-accent-5-background-color has-background has-global-padding is-layout-constrained wp-container-core-group-is-layout-c06d165c wp-block-group-is-layout-constrained\" style=\"border-radius:15px;padding-top:0;padding-right:0;padding-bottom:0;padding-left:0\">\n<div class=\"wp-block-group has-global-padding is-layout-constrained wp-container-core-group-is-layout-65ea25e0 wp-block-group-is-layout-constrained\" style=\"padding-top:var(--wp--preset--spacing--10);padding-right:var(--wp--preset--spacing--10);padding-bottom:var(--wp--preset--spacing--10);padding-left:var(--wp--preset--spacing--10)\">\n<figure class=\"wp-block-image alignwide size-full is-style-rounded is-style-rounded--8\"><img loading=\"lazy\" decoding=\"async\" width=\"249\" height=\"143\" src=\"https:\/\/www.lab-biotech.de\/wp-content\/uploads\/2025\/04\/defrost-249x143-1.png\" alt=\"\" class=\"wp-image-305\" srcset=\"https:\/\/www.lab-biotech.de\/wp-content\/uploads\/2025\/04\/defrost-249x143-1.png 249w, https:\/\/www.lab-biotech.de\/wp-content\/uploads\/2025\/04\/defrost-249x143-1-18x10.png 18w\" sizes=\"auto, (max-width: 249px) 100vw, 249px\" \/><\/figure>\n\n\n\n<h3 class=\"wp-block-heading\"><strong>Defrost Roll<\/strong><\/h3>\n\n\n\n<p class=\"translation-block\">The <strong>DefrostRoll<\/strong> tool is designed for defrosting samples from freezers, preparing them for scanning. Easy to use with available alcohol.<\/p>\n<\/div>\n<\/div>\n\n\n\n<div style=\"height:var(--wp--preset--spacing--50)\" aria-hidden=\"true\" class=\"wp-block-spacer\"><\/div>\n\n\n\n<div class=\"wp-block-group has-accent-5-background-color has-background has-global-padding is-layout-constrained wp-container-core-group-is-layout-c06d165c wp-block-group-is-layout-constrained\" style=\"border-radius:15px;padding-top:0;padding-right:0;padding-bottom:0;padding-left:0\">\n<div class=\"wp-block-group has-global-padding is-layout-constrained wp-container-core-group-is-layout-65ea25e0 wp-block-group-is-layout-constrained\" style=\"padding-top:var(--wp--preset--spacing--10);padding-right:var(--wp--preset--spacing--10);padding-bottom:var(--wp--preset--spacing--10);padding-left:var(--wp--preset--spacing--10)\">\n<figure class=\"wp-block-image alignwide size-full has-custom-border is-style-rounded is-style-rounded--9\"><img loading=\"lazy\" decoding=\"async\" width=\"249\" height=\"195\" src=\"https:\/\/www.lab-biotech.de\/wp-content\/uploads\/2025\/04\/SampleCollector-249x195-1.png\" alt=\"\" class=\"wp-image-307\" style=\"border-radius:0px\" srcset=\"https:\/\/www.lab-biotech.de\/wp-content\/uploads\/2025\/04\/SampleCollector-249x195-1.png 249w, https:\/\/www.lab-biotech.de\/wp-content\/uploads\/2025\/04\/SampleCollector-249x195-1-15x12.png 15w\" sizes=\"auto, (max-width: 249px) 100vw, 249px\" \/><\/figure>\n\n\n\n<h3 class=\"wp-block-heading\"><strong>Sample Collector<\/strong><\/h3>\n\n\n\n<p>Sample Collector software captures IDs from barcode readers and exports them efficiently to other applications. It allows adding unlimited custom columns for additional information.<\/p>\n<\/div>\n<\/div>\n<\/div>\n<\/div>\n<\/div>\n\n\n\n<hr class=\"wp-block-separator has-alpha-channel-opacity is-style-dots\"\/>\n\n\n\n<div class=\"wp-block-group alignwide has-accent-5-background-color has-background is-layout-flow wp-block-group-is-layout-flow\" style=\"border-radius:15px;padding-top:var(--wp--preset--spacing--10);padding-right:var(--wp--preset--spacing--30);padding-bottom:var(--wp--preset--spacing--10);padding-left:var(--wp--preset--spacing--30)\"><ul style=\"padding-right:0;padding-left:0;margin-right:0;margin-left:0;\" class=\"wp-block-latest-posts__list has-dates alignwide wp-block-latest-posts\"><li><div class=\"wp-block-latest-posts__featured-image alignleft\"><img loading=\"lazy\" decoding=\"async\" width=\"150\" height=\"150\" src=\"https:\/\/www.lab-biotech.de\/wp-content\/uploads\/2024\/05\/DPP_0007-150x150.jpg\" class=\"attachment-thumbnail size-thumbnail wp-post-image\" alt=\"\" style=\"\" \/><\/div><a class=\"wp-block-latest-posts__post-title\" href=\"https:\/\/www.lab-biotech.de\/en\/2024\/06\/14\/173\/\">&#8222;Revolutionizing Laboratory Operations: The Essential Role of Barcode Tracking&#8220;<\/a><time datetime=\"2024-06-14T09:42:22+02:00\" class=\"wp-block-latest-posts__post-date\">14. June 2024<\/time><div class=\"wp-block-latest-posts__post-excerpt\">As a laboratory technician, I&#8217;ve seen firsthand how essential barcode tracking is to our daily operations. Implementing a robust barcode tracking system in the lab has revolutionized our workflows, ensuring accuracy, efficiency, and traceability. Here\u2019s why barcode tracking is indispensable from my perspective. Ensuring Accuracy and Reducing Human Error One of the most significant advantages\u2026 <a class=\"wp-block-latest-posts__read-more\" href=\"https:\/\/www.lab-biotech.de\/en\/2024\/06\/14\/173\/\" rel=\"noopener noreferrer\">Read more<span class=\"screen-reader-text\">: &#8222;Revolutionizing Laboratory Operations: The Essential Role of Barcode Tracking&#8220;<\/span><\/a><\/div><\/li>\n<\/ul><\/div>","protected":false},"excerpt":{"rendered":"<p>rackreader.de Unser Unternehmen ist spezialisiert auf Labor-Scansysteme zur Verfolgung und Verwaltung von Proben. Wir bieten L\u00f6sungen f\u00fcr mobile Ger\u00e4te, Einzel-Leseger\u00e4te und Rack-Leseger\u00e4te an. Unsere Systeme optimieren die Prozesse zur Verfolgung und Verwaltung von Proben in Laboren und gew\u00e4hrleisten Effizienz und Genauigkeit. FlashScan NT Der FlashScan NT f\u00fcr den Probeneingang liest Proben in etwa 1 Sekunde [&hellip;]<\/p>\n","protected":false},"author":1,"featured_media":0,"parent":0,"menu_order":0,"comment_status":"closed","ping_status":"closed","template":"page-no-title","meta":{"footnotes":""},"class_list":["post-140","page","type-page","status-publish","hentry"],"_links":{"self":[{"href":"https:\/\/www.lab-biotech.de\/en\/wp-json\/wp\/v2\/pages\/140","targetHints":{"allow":["GET"]}}],"collection":[{"href":"https:\/\/www.lab-biotech.de\/en\/wp-json\/wp\/v2\/pages"}],"about":[{"href":"https:\/\/www.lab-biotech.de\/en\/wp-json\/wp\/v2\/types\/page"}],"author":[{"embeddable":true,"href":"https:\/\/www.lab-biotech.de\/en\/wp-json\/wp\/v2\/users\/1"}],"replies":[{"embeddable":true,"href":"https:\/\/www.lab-biotech.de\/en\/wp-json\/wp\/v2\/comments?post=140"}],"version-history":[{"count":31,"href":"https:\/\/www.lab-biotech.de\/en\/wp-json\/wp\/v2\/pages\/140\/revisions"}],"predecessor-version":[{"id":813,"href":"https:\/\/www.lab-biotech.de\/en\/wp-json\/wp\/v2\/pages\/140\/revisions\/813"}],"wp:attachment":[{"href":"https:\/\/www.lab-biotech.de\/en\/wp-json\/wp\/v2\/media?parent=140"}],"curies":[{"name":"wp","href":"https:\/\/api.w.org\/{rel}","templated":true}]}}